{"id":10,"date":"2025-04-03T14:14:47","date_gmt":"2025-04-03T12:14:47","guid":{"rendered":"https:\/\/www.farmastribrnik.cz\/?page_id=10"},"modified":"2025-04-03T14:37:33","modified_gmt":"2025-04-03T12:37:33","slug":"10-2","status":"publish","type":"page","link":"https:\/\/www.farmastribrnik.cz\/","title":{"rendered":"Main"},"content":{"rendered":"<p>[et_pb_section fb_built=&#8220;1&#8243; _builder_version=&#8220;4.27.4&#8243; _module_preset=&#8220;default&#8220; background_color=&#8220;#60b99d&#8220; global_colors_info=&#8220;{}&#8220;][et_pb_row _builder_version=&#8220;4.27.4&#8243; _module_preset=&#8220;default&#8220; global_colors_info=&#8220;{}&#8220;][et_pb_column type=&#8220;4_4&#8243; _builder_version=&#8220;4.27.4&#8243; _module_preset=&#8220;default&#8220; global_colors_info=&#8220;{}&#8220;][et_pb_heading title=&#8220;EKO FARMA ST\u0158\u00cdBRN\u00cdK&#8220; _builder_version=&#8220;4.27.4&#8243; _module_preset=&#8220;default&#8220; title_font=&#8220;|600|||||||&#8220; title_text_align=&#8220;center&#8220; title_text_color=&#8220;#FFFFFF&#8220; title_font_size=&#8220;68px&#8220; background_color=&#8220;RGBA(255,255,255,0)&#8220; custom_padding=&#8220;||0px|||&#8220; global_colors_info=&#8220;{}&#8220;][\/et_pb_heading][\/et_pb_column][\/et_pb_row][et_pb_row _builder_version=&#8220;4.27.4&#8243; _module_preset=&#8220;default&#8220; custom_margin=&#8220;-47px|auto||auto||&#8220; global_colors_info=&#8220;{}&#8220;][et_pb_column type=&#8220;4_4&#8243; _builder_version=&#8220;4.27.4&#8243; _module_preset=&#8220;default&#8220; global_colors_info=&#8220;{}&#8220;][et_pb_image src=&#8220;https:\/\/www.farmastribrnik.cz\/wp-content\/uploads\/2025\/04\/profile.jpg&#8220; alt=&#8220;St\u0159\u00edbrn\u00edk (Ralsk\u00e1 pahorkatina)&#8220; title_text=&#8220;profile&#8220; align=&#8220;center&#8220; _builder_version=&#8220;4.27.4&#8243; _module_preset=&#8220;default&#8220; border_radii=&#8220;on|5px|5px|5px|5px&#8220; global_colors_info=&#8220;{}&#8220;][\/et_pb_image][\/et_pb_column][\/et_pb_row][\/et_pb_section][et_pb_section fb_built=&#8220;1&#8243; _builder_version=&#8220;4.27.4&#8243; _module_preset=&#8220;default&#8220; global_colors_info=&#8220;{}&#8220;][et_pb_row _builder_version=&#8220;4.27.4&#8243; _module_preset=&#8220;default&#8220; global_colors_info=&#8220;{}&#8220;][et_pb_column type=&#8220;4_4&#8243; _builder_version=&#8220;4.27.4&#8243; _module_preset=&#8220;default&#8220; global_colors_info=&#8220;{}&#8220;][et_pb_heading title=&#8220;O n\u00e1s&#8220; _builder_version=&#8220;4.27.4&#8243; _module_preset=&#8220;default&#8220; title_level=&#8220;h2&#8243; title_font=&#8220;|700|||on||||&#8220; title_text_align=&#8220;center&#8220; title_font_size=&#8220;57px&#8220; global_colors_info=&#8220;{}&#8220;][\/et_pb_heading][\/et_pb_column][\/et_pb_row][et_pb_row _builder_version=&#8220;4.27.4&#8243; _module_preset=&#8220;default&#8220; global_colors_info=&#8220;{}&#8220;][et_pb_column type=&#8220;4_4&#8243; _builder_version=&#8220;4.27.4&#8243; _module_preset=&#8220;default&#8220; global_colors_info=&#8220;{}&#8220;][et_pb_text _builder_version=&#8220;4.27.4&#8243; _module_preset=&#8220;default&#8220; text_font=&#8220;Lato||||||||&#8220; text_font_size=&#8220;20px&#8220; width=&#8220;100%&#8220; global_colors_info=&#8220;{}&#8220;]<\/p>\n<div class=\"col-lg-12\">\n<p>Jsme m\u00e1la rodinn\u00e1 farma hospoda\u0159\u00edc\u00ed na cca 10ti hektarech podhorsk\u00fdch luk a pol\u00ed v malebn\u00e9m podje\u0161t\u011bd\u00ed v katastru obce \u017dib\u0159idice. Pozemky byly na\u0161im p\u0159edk\u016fm bez n\u00e1hrady odebr\u00e1ny zn\u00e1rodn\u011bn\u00edm v 50. letech a v 90. letech v \u017ealostn\u00e9m stavu vr\u00e1ceny. Na\u0161e pozemky p\u0159\u00edmo prot\u00edn\u00e1 dominantn\u00ed skalnat\u00fd h\u0159eb\u00ednek \u2013 St\u0159\u00edbrn\u00edk, kter\u00fd je p\u0159\u00edrodn\u00ed rezervac\u00ed. Odtud tedy n\u00e1zev farmy<\/p>\n<p>&nbsp;<\/p>\n<\/div>\n<div class=\"col-lg-12\">\n<p>Na\u0161e hospoda\u0159en\u00ed je p\u0159edev\u0161\u00edm zam\u011b\u0159eno na produkci kvalitn\u00ed p\u00edce, kterou \u010d\u00e1ste\u010dn\u011b sami vyu\u017eijeme jako krmivo v na\u0161em chovu ovc\u00ed. Volnou kapacitu p\u00edcnin pak prod\u00e1v\u00e1me. V roce 2013 jsme se rozhodli pro p\u011bstovan\u00ed zeleniny. Po n\u011bkolika letech nedostatku sadby jsme kone\u010dn\u011b od \u0161lechtitele (Ing. Koz\u00e1k) zakoupili kvalitn\u00ed sadbu \u010dty\u0159 odr\u016fd ozim\u00e9ho \u010desk\u00e9ho \u010desneku. Vlastn\u00edme licenci na konzumn\u00ed prodej t\u011bchto \u010desk\u00fdch odr\u016fd. Rozhodli jsme se jednozna\u010dn\u011b pro ekologickou produkci a tak ani p\u0159ed v\u00fdsadbou ani v pr\u016fb\u011bhu p\u011bstovan\u00ed nen\u00ed n\u00e1mi produkovan\u00fd \u010desnek nijak chemicky o\u0161et\u0159en.<\/p>\n<\/div>\n<p>[\/et_pb_text][\/et_pb_column][\/et_pb_row][\/et_pb_section][et_pb_section fb_built=&#8220;1&#8243; module_id=&#8220;produkty&#8220; _builder_version=&#8220;4.27.4&#8243; _module_preset=&#8220;default&#8220; background_color=&#8220;#60b99d&#8220; custom_padding=&#8220;||233px|||&#8220; global_colors_info=&#8220;{}&#8220;][et_pb_row _builder_version=&#8220;4.27.4&#8243; _module_preset=&#8220;default&#8220; global_colors_info=&#8220;{}&#8220;][et_pb_column type=&#8220;4_4&#8243; _builder_version=&#8220;4.27.4&#8243; _module_preset=&#8220;default&#8220; global_colors_info=&#8220;{}&#8220;][et_pb_heading title=&#8220;PRODUKTY&#8220; _builder_version=&#8220;4.27.4&#8243; _module_preset=&#8220;default&#8220; title_level=&#8220;h2&#8243; title_font=&#8220;|600|||on||||&#8220; title_text_align=&#8220;center&#8220; title_text_color=&#8220;#FFFFFF&#8220; title_font_size=&#8220;3em&#8220; global_colors_info=&#8220;{}&#8220;][\/et_pb_heading][\/et_pb_column][\/et_pb_row][et_pb_row column_structure=&#8220;1_2,1_2&#8243; _builder_version=&#8220;4.27.4&#8243; _module_preset=&#8220;default&#8220; custom_padding=&#8220;||6px|||&#8220; global_colors_info=&#8220;{}&#8220;][et_pb_column type=&#8220;1_2&#8243; _builder_version=&#8220;4.27.4&#8243; _module_preset=&#8220;default&#8220; global_colors_info=&#8220;{}&#8220;][et_pb_heading title=&#8220;\u010cESNEK&#8220; _builder_version=&#8220;4.27.4&#8243; _module_preset=&#8220;default&#8220; title_level=&#8220;h3&#8243; title_text_align=&#8220;center&#8220; title_text_color=&#8220;#FFFFFF&#8220; title_font_size=&#8220;20px&#8220; global_colors_info=&#8220;{}&#8220;][\/et_pb_heading][\/et_pb_column][et_pb_column type=&#8220;1_2&#8243; _builder_version=&#8220;4.27.4&#8243; _module_preset=&#8220;default&#8220; global_colors_info=&#8220;{}&#8220;][et_pb_heading title=&#8220;P\u00cdCE&#8220; _builder_version=&#8220;4.27.4&#8243; _module_preset=&#8220;default&#8220; title_level=&#8220;h3&#8243; title_text_align=&#8220;center&#8220; title_text_color=&#8220;#FFFFFF&#8220; global_colors_info=&#8220;{}&#8220;][\/et_pb_heading][\/et_pb_column][\/et_pb_row][et_pb_row column_structure=&#8220;1_2,1_2&#8243; _builder_version=&#8220;4.27.4&#8243; _module_preset=&#8220;default&#8220; custom_padding=&#8220;3px|||||&#8220; global_colors_info=&#8220;{}&#8220;][et_pb_column type=&#8220;1_2&#8243; _builder_version=&#8220;4.27.4&#8243; _module_preset=&#8220;default&#8220; global_colors_info=&#8220;{}&#8220;][et_pb_image src=&#8220;https:\/\/www.farmastribrnik.cz\/wp-content\/uploads\/2025\/04\/cesnek2.jpg&#8220; title_text=&#8220;cesnek2&#8243; url=&#8220;https:\/\/www.farmastribrnik.cz\/?page_id=22&#8243; _builder_version=&#8220;4.27.4&#8243; _module_preset=&#8220;default&#8220; global_colors_info=&#8220;{}&#8220;][\/et_pb_image][\/et_pb_column][et_pb_column type=&#8220;1_2&#8243; _builder_version=&#8220;4.27.4&#8243; _module_preset=&#8220;default&#8220; global_colors_info=&#8220;{}&#8220;][et_pb_image src=&#8220;https:\/\/www.farmastribrnik.cz\/wp-content\/uploads\/2025\/04\/pice1.jpg&#8220; title_text=&#8220;pice1&#8243; url=&#8220;https:\/\/www.farmastribrnik.cz\/?page_id=29&#8243; _builder_version=&#8220;4.27.4&#8243; _module_preset=&#8220;default&#8220; global_colors_info=&#8220;{}&#8220;][\/et_pb_image][\/et_pb_column][\/et_pb_row][\/et_pb_section][et_pb_section fb_built=&#8220;1&#8243; _builder_version=&#8220;4.27.4&#8243; _module_preset=&#8220;default&#8220; custom_padding=&#8220;||66px|||&#8220; global_colors_info=&#8220;{}&#8220;][et_pb_row _builder_version=&#8220;4.27.4&#8243; _module_preset=&#8220;default&#8220; min_height=&#8220;119px&#8220; custom_margin=&#8220;|auto|5px|auto||&#8220; custom_padding=&#8220;||0px|||&#8220; global_colors_info=&#8220;{}&#8220;][et_pb_column type=&#8220;4_4&#8243; _builder_version=&#8220;4.27.4&#8243; _module_preset=&#8220;default&#8220; global_colors_info=&#8220;{}&#8220;][et_pb_heading title=&#8220;KONTAKT&#8220; _builder_version=&#8220;4.27.4&#8243; _module_preset=&#8220;default&#8220; title_level=&#8220;h2&#8243; title_font=&#8220;|600|||on|||#000000|&#8220; title_text_align=&#8220;center&#8220; title_font_size=&#8220;4em&#8220; custom_padding=&#8220;||13px|||&#8220; global_colors_info=&#8220;{}&#8220;][\/et_pb_heading][\/et_pb_column][\/et_pb_row][et_pb_row column_structure=&#8220;1_2,1_2&#8243; _builder_version=&#8220;4.27.4&#8243; _module_preset=&#8220;default&#8220; custom_margin=&#8220;||||false|false&#8220; global_colors_info=&#8220;{}&#8220;][et_pb_column type=&#8220;1_2&#8243; _builder_version=&#8220;4.27.4&#8243; _module_preset=&#8220;default&#8220; global_colors_info=&#8220;{}&#8220;][et_pb_text _builder_version=&#8220;4.27.4&#8243; _module_preset=&#8220;default&#8220; text_font_size=&#8220;20px&#8220; text_line_height=&#8220;0.8em&#8220; header_line_height=&#8220;0.6em&#8220; custom_padding=&#8220;|||110px||&#8220; global_colors_info=&#8220;{}&#8220;]<\/p>\n<h3><strong>\u010cESNEK<\/strong><\/h3>\n<div class=\"row control-group\">\n<div class=\"form-group col-xs-12 controls\">\n<p style=\"text-align: left; padding-left: 40px;\"><strong><label>E-mail<\/label><\/strong><\/p>\n<p style=\"text-align: left; padding-left: 40px;\"><a href=\"mailto:gabi.udol@seznam.cz\">gabi.udol@seznam.cz<\/a><\/p>\n<p style=\"text-align: left; padding-left: 40px;\"><a href=\"mailto:info@farmastribrnik.cz\">info@farmastribrnik.cz<\/a><\/p>\n<p style=\"text-align: left; padding-left: 40px;\">\n<p style=\"text-align: left; padding-left: 40px;\"><strong>Telefon<\/strong><\/p>\n<p style=\"text-align: left; padding-left: 40px;\">+420 608 732 248<\/p>\n<\/div>\n<\/div>\n<p>[\/et_pb_text][\/et_pb_column][et_pb_column type=&#8220;1_2&#8243; _builder_version=&#8220;4.27.4&#8243; _module_preset=&#8220;default&#8220; global_colors_info=&#8220;{}&#8220;][et_pb_text _builder_version=&#8220;4.27.4&#8243; _module_preset=&#8220;default&#8220; text_font_size=&#8220;20px&#8220; text_line_height=&#8220;1em&#8220; custom_margin=&#8220;|||50px||&#8220; custom_padding=&#8220;|||52px||&#8220; global_colors_info=&#8220;{}&#8220;]<\/p>\n<div class=\"row control-group\">\n<h3><strong>P\u00edce<\/strong><\/h3>\n<p style=\"padding-left: 40px;\"><strong>E-mail<\/strong><\/p>\n<p style=\"padding-left: 40px;\"><a href=\"mailto:info@farmastribrnik.cz\">info@farmastribrnik.cz<\/a><\/p>\n<p style=\"padding-left: 40px;\">\n<p style=\"padding-left: 40px;\"><strong>Telefon<\/strong><\/p>\n<p style=\"padding-left: 40px;\">+420 602 625 548<\/p>\n<\/div>\n<p>[\/et_pb_text][\/et_pb_column][\/et_pb_row][\/et_pb_section]<\/p>\n","protected":false},"excerpt":{"rendered":"<p>Jsme m\u00e1la rodinn\u00e1 farma hospoda\u0159\u00edc\u00ed na cca 10ti hektarech podhorsk\u00fdch luk a pol\u00ed v malebn\u00e9m podje\u0161t\u011bd\u00ed v katastru obce \u017dib\u0159idice. Pozemky byly na\u0161im p\u0159edk\u016fm bez n\u00e1hrady odebr\u00e1ny zn\u00e1rodn\u011bn\u00edm v 50. letech a v 90. letech v \u017ealostn\u00e9m stavu vr\u00e1ceny. Na\u0161e pozemky p\u0159\u00edmo prot\u00edn\u00e1 dominantn\u00ed skalnat\u00fd h\u0159eb\u00ednek \u2013 St\u0159\u00edbrn\u00edk, kter\u00fd je p\u0159\u00edrodn\u00ed rezervac\u00ed. Odtud tedy n\u00e1zev [&hellip;]<\/p>\n","protected":false},"author":1,"featured_media":0,"parent":0,"menu_order":0,"comment_status":"closed","ping_status":"closed","template":"","meta":{"_et_pb_use_builder":"on","_et_pb_old_content":"","_et_gb_content_width":"","footnotes":""},"class_list":["post-10","page","type-page","status-publish","hentry"],"_links":{"self":[{"href":"https:\/\/www.farmastribrnik.cz\/index.php?rest_route=\/wp\/v2\/pages\/10","targetHints":{"allow":["GET"]}}],"collection":[{"href":"https:\/\/www.farmastribrnik.cz\/index.php?rest_route=\/wp\/v2\/pages"}],"about":[{"href":"https:\/\/www.farmastribrnik.cz\/index.php?rest_route=\/wp\/v2\/types\/page"}],"author":[{"embeddable":true,"href":"https:\/\/www.farmastribrnik.cz\/index.php?rest_route=\/wp\/v2\/users\/1"}],"replies":[{"embeddable":true,"href":"https:\/\/www.farmastribrnik.cz\/index.php?rest_route=%2Fwp%2Fv2%2Fcomments&post=10"}],"version-history":[{"count":12,"href":"https:\/\/www.farmastribrnik.cz\/index.php?rest_route=\/wp\/v2\/pages\/10\/revisions"}],"predecessor-version":[{"id":44,"href":"https:\/\/www.farmastribrnik.cz\/index.php?rest_route=\/wp\/v2\/pages\/10\/revisions\/44"}],"wp:attachment":[{"href":"https:\/\/www.farmastribrnik.cz\/index.php?rest_route=%2Fwp%2Fv2%2Fmedia&parent=10"}],"curies":[{"name":"wp","href":"https:\/\/api.w.org\/{rel}","templated":true}]}}